{"id":658,"date":"2024-03-12T13:12:34","date_gmt":"2024-03-12T10:12:34","guid":{"rendered":"https:\/\/grill.fancydevelop.ru\/en\/?page_id=658"},"modified":"2024-03-12T13:32:00","modified_gmt":"2024-03-12T10:32:00","slug":"impressum","status":"publish","type":"page","link":"https:\/\/uppergrill.bar\/en\/impressum\/","title":{"rendered":"Impressum"},"content":{"rendered":"<h3 class=\"title-md\" data-tile-text=\"RESTAURANT Upper grill bar\">RESTAURANT Upper grill bar<\/h3>\n<p>Anbieter der Website im Sinne von \u00a7 5 TMG:<br \/>\nUpper Grill Club GmbH<br \/>\nRankestr. 2<br \/>\n10789 Berlin<\/p>\n<p>Verantwortlich f\u00fcr die Inhalte:<br \/>\nIgor Frid (Anschrift wie oben)<\/p>\n<p>St. Nr.: 27\/567\/50555<\/p>\n<ul>\n<li>E-Mail: <a href=\"mailto:info@uppergrill.bar\">info@uppergrill.bar<\/a><\/li>\n<li>Telefon: <a href=\"tel:+4903092273593\">+49 (0) 30-922-73-593<\/a><\/li>\n<\/ul>\n<h3 class=\"title-md\" data-tile-text=\"Design und Realisierung\">Design und Realisierung<\/h3>\n<p>Die Webseite Uppergrill.bar wurde von Fancyglobal.io gestaltet und realisiert.<\/p>\n<h3 class=\"title-md\" data-tile-text=\"Verweise und Links\">Verweise und Links<\/h3>\n<p>Der Betreiber distanziert sich hiermit ausdr\u00fccklich von allen Inhalten aller verlinkten Seiten. Diese<br \/>\nFeststellung gilt f\u00fcr alle innerhalb des eigenen Internetangebotes gesetzten Links und Verweise. F\u00fcr<br \/>\nillegale,<br \/>\nfehlerhafte oder unvollst\u00e4ndige Inhalte und insbesondere f\u00fcr Sch\u00e4den, die aus der Nutzung oder<br \/>\nNichtnutzung<br \/>\nsolcherart dargebotener Informationen entstehen, haftet allein der Anbieter der Seite, auf welche<br \/>\nverwiesen<br \/>\nwurde.<\/p>\n<h3 class=\"title-md\" data-tile-text=\"Copyrights\">Copyrights<\/h3>\n<p>2023 \u00a9 Upper Grill Bar. Alle Rechte vorbehalten.<\/p>\n","protected":false},"excerpt":{"rendered":"<p>RESTAURANT Upper grill bar Anbieter der Website im Sinne von \u00a7 5 TMG: Upper Grill Club GmbH Rankestr. 2 10789 Berlin Verantwortlich f\u00fcr die Inhalte: Igor Frid (Anschrift wie oben) St. Nr.: 27\/567\/50555 E-Mail: info@uppergrill.bar Telefon: +49 (0) 30-922-73-593 Design und Realisierung Die Webseite Uppergrill.bar wurde von Fancyglobal.io gestaltet und realisiert. Verweise und Links Der [&hellip;]<\/p>\n","protected":false},"author":1,"featured_media":0,"parent":0,"menu_order":0,"comment_status":"closed","ping_status":"closed","template":"pageTemplates\/impressum.php","meta":{"footnotes":""},"class_list":["post-658","page","type-page","status-publish","hentry"],"yoast_head":"<!-- This site is optimized with the Yoast SEO plugin v23.9 - https:\/\/yoast.com\/wordpress\/plugins\/seo\/ -->\n<title>Impressum &#187; Restaurant Upper Grill Bar, Hackescher Markt<\/title>\n<meta name=\"robots\" content=\"index, follow, max-snippet:-1, max-image-preview:large, max-video-preview:-1\" \/>\n<link rel=\"canonical\" href=\"https:\/\/uppergrill.bar\/en\/impressum\/\" \/>\n<meta property=\"og:locale\" content=\"en_US\" \/>\n<meta property=\"og:type\" content=\"article\" \/>\n<meta property=\"og:title\" content=\"Impressum &#187; Restaurant Upper Grill Bar, Hackescher Markt\" \/>\n<meta property=\"og:description\" content=\"RESTAURANT Upper grill bar Anbieter der Website im Sinne von \u00a7 5 TMG: Upper Grill Club GmbH Rankestr. 2 10789 Berlin Verantwortlich f\u00fcr die Inhalte: Igor Frid (Anschrift wie oben) St. Nr.: 27\/567\/50555 E-Mail: info@uppergrill.bar Telefon: +49 (0) 30-922-73-593 Design und Realisierung Die Webseite Uppergrill.bar wurde von Fancyglobal.io gestaltet und realisiert. Verweise und Links Der [&hellip;]\" \/>\n<meta property=\"og:url\" content=\"https:\/\/uppergrill.bar\/en\/impressum\/\" \/>\n<meta property=\"og:site_name\" content=\"Restaurant Upper Grill Bar, Hackescher Markt\" \/>\n<meta property=\"article:modified_time\" content=\"2024-03-12T10:32:00+00:00\" \/>\n<meta name=\"twitter:card\" content=\"summary_large_image\" \/>\n<meta name=\"twitter:label1\" content=\"Est. reading time\" \/>\n\t<meta name=\"twitter:data1\" content=\"1 minute\" \/>\n<script type=\"application\/ld+json\" class=\"yoast-schema-graph\">{\"@context\":\"https:\/\/schema.org\",\"@graph\":[{\"@type\":\"WebPage\",\"@id\":\"https:\/\/uppergrill.bar\/en\/impressum\/\",\"url\":\"https:\/\/uppergrill.bar\/en\/impressum\/\",\"name\":\"Impressum &#187; Restaurant Upper Grill Bar, Hackescher Markt\",\"isPartOf\":{\"@id\":\"https:\/\/uppergrill.bar\/en\/#website\"},\"datePublished\":\"2024-03-12T10:12:34+00:00\",\"dateModified\":\"2024-03-12T10:32:00+00:00\",\"breadcrumb\":{\"@id\":\"https:\/\/uppergrill.bar\/en\/impressum\/#breadcrumb\"},\"inLanguage\":\"en-US\",\"potentialAction\":[{\"@type\":\"ReadAction\",\"target\":[\"https:\/\/uppergrill.bar\/en\/impressum\/\"]}]},{\"@type\":\"BreadcrumbList\",\"@id\":\"https:\/\/uppergrill.bar\/en\/impressum\/#breadcrumb\",\"itemListElement\":[{\"@type\":\"ListItem\",\"position\":1,\"name\":\"Home\",\"item\":\"https:\/\/uppergrill.bar\/en\/\"},{\"@type\":\"ListItem\",\"position\":2,\"name\":\"Impressum\"}]},{\"@type\":\"WebSite\",\"@id\":\"https:\/\/uppergrill.bar\/en\/#website\",\"url\":\"https:\/\/uppergrill.bar\/en\/\",\"name\":\"Restaurant Upper Grill Bar, Hackescher Markt\",\"description\":\"\",\"potentialAction\":[{\"@type\":\"SearchAction\",\"target\":{\"@type\":\"EntryPoint\",\"urlTemplate\":\"https:\/\/uppergrill.bar\/en\/?s={search_term_string}\"},\"query-input\":{\"@type\":\"PropertyValueSpecification\",\"valueRequired\":true,\"valueName\":\"search_term_string\"}}],\"inLanguage\":\"en-US\"}]}<\/script>\n<!-- \/ Yoast SEO plugin. -->","yoast_head_json":{"title":"Impressum &#187; Restaurant Upper Grill Bar, Hackescher Markt","robots":{"index":"index","follow":"follow","max-snippet":"max-snippet:-1","max-image-preview":"max-image-preview:large","max-video-preview":"max-video-preview:-1"},"canonical":"https:\/\/uppergrill.bar\/en\/impressum\/","og_locale":"en_US","og_type":"article","og_title":"Impressum &#187; Restaurant Upper Grill Bar, Hackescher Markt","og_description":"RESTAURANT Upper grill bar Anbieter der Website im Sinne von \u00a7 5 TMG: Upper Grill Club GmbH Rankestr. 2 10789 Berlin Verantwortlich f\u00fcr die Inhalte: Igor Frid (Anschrift wie oben) St. Nr.: 27\/567\/50555 E-Mail: info@uppergrill.bar Telefon: +49 (0) 30-922-73-593 Design und Realisierung Die Webseite Uppergrill.bar wurde von Fancyglobal.io gestaltet und realisiert. Verweise und Links Der [&hellip;]","og_url":"https:\/\/uppergrill.bar\/en\/impressum\/","og_site_name":"Restaurant Upper Grill Bar, Hackescher Markt","article_modified_time":"2024-03-12T10:32:00+00:00","twitter_card":"summary_large_image","twitter_misc":{"Est. reading time":"1 minute"},"schema":{"@context":"https:\/\/schema.org","@graph":[{"@type":"WebPage","@id":"https:\/\/uppergrill.bar\/en\/impressum\/","url":"https:\/\/uppergrill.bar\/en\/impressum\/","name":"Impressum &#187; Restaurant Upper Grill Bar, Hackescher Markt","isPartOf":{"@id":"https:\/\/uppergrill.bar\/en\/#website"},"datePublished":"2024-03-12T10:12:34+00:00","dateModified":"2024-03-12T10:32:00+00:00","breadcrumb":{"@id":"https:\/\/uppergrill.bar\/en\/impressum\/#breadcrumb"},"inLanguage":"en-US","potentialAction":[{"@type":"ReadAction","target":["https:\/\/uppergrill.bar\/en\/impressum\/"]}]},{"@type":"BreadcrumbList","@id":"https:\/\/uppergrill.bar\/en\/impressum\/#breadcrumb","itemListElement":[{"@type":"ListItem","position":1,"name":"Home","item":"https:\/\/uppergrill.bar\/en\/"},{"@type":"ListItem","position":2,"name":"Impressum"}]},{"@type":"WebSite","@id":"https:\/\/uppergrill.bar\/en\/#website","url":"https:\/\/uppergrill.bar\/en\/","name":"Restaurant Upper Grill Bar, Hackescher Markt","description":"","potentialAction":[{"@type":"SearchAction","target":{"@type":"EntryPoint","urlTemplate":"https:\/\/uppergrill.bar\/en\/?s={search_term_string}"},"query-input":{"@type":"PropertyValueSpecification","valueRequired":true,"valueName":"search_term_string"}}],"inLanguage":"en-US"}]}},"_links":{"self":[{"href":"https:\/\/uppergrill.bar\/en\/wp-json\/wp\/v2\/pages\/658","targetHints":{"allow":["GET"]}}],"collection":[{"href":"https:\/\/uppergrill.bar\/en\/wp-json\/wp\/v2\/pages"}],"about":[{"href":"https:\/\/uppergrill.bar\/en\/wp-json\/wp\/v2\/types\/page"}],"author":[{"embeddable":true,"href":"https:\/\/uppergrill.bar\/en\/wp-json\/wp\/v2\/users\/1"}],"replies":[{"embeddable":true,"href":"https:\/\/uppergrill.bar\/en\/wp-json\/wp\/v2\/comments?post=658"}],"version-history":[{"count":2,"href":"https:\/\/uppergrill.bar\/en\/wp-json\/wp\/v2\/pages\/658\/revisions"}],"predecessor-version":[{"id":667,"href":"https:\/\/uppergrill.bar\/en\/wp-json\/wp\/v2\/pages\/658\/revisions\/667"}],"wp:attachment":[{"href":"https:\/\/uppergrill.bar\/en\/wp-json\/wp\/v2\/media?parent=658"}],"curies":[{"name":"wp","href":"https:\/\/api.w.org\/{rel}","templated":true}]}}